{"id":4084,"date":"2023-01-02T14:53:45","date_gmt":"2023-01-02T13:53:45","guid":{"rendered":"https:\/\/pralniacentrum.pl\/swinemunde\/wascherei-fur-hotels-und-pensionen\/"},"modified":"2025-02-18T13:53:08","modified_gmt":"2025-02-18T12:53:08","slug":"wascherei-fur-hotels-und-pensionen","status":"publish","type":"page","link":"https:\/\/pralniacentrum.pl\/de\/swinemunde\/wascherei-fur-hotels-und-pensionen\/","title":{"rendered":"W\u00e4scherei f\u00fcr Hotels und Pensionen"},"content":{"rendered":"<div class=\"wpb-content-wrapper\"><p>[vc_row content_placement=&#8220;top&#8220; css=&#8220;.vc_custom_1672753238722{margin-top: 50px !important;}&#8220;][vc_column width=&#8220;1\/2&#8243;][vc_column_text]<span style=\"font-size: 16px; font-weight: 400;\">Die Centre Laundry bietet einen W\u00e4scheservice f\u00fcr Hotels, Pensionen und Ferienh\u00e4user. Wir bieten unter anderem Waschen mit Wasser, chemische Reinigung, Trocknen und Mangeln, B\u00fcgeln und Desinfektion in einer speziellen Kammer. Unser Service ist umfassend und von h\u00f6chster Qualit\u00e4t.<\/span><\/p>\n<p>&nbsp;<\/p>\n<div id=\"text\">\n<h3>Der W\u00e4scheservice f\u00fcr Hotels und Pensionen umfasst:<\/h3>\n<ul>\n<li>bettw\u00e4sche<\/li>\n<li>Handt\u00fccher<\/li>\n<li>Catering-W\u00e4sche, Tischw\u00e4sche und K\u00fcchent\u00fccher<\/li>\n<li>Vorh\u00e4nge<\/li>\n<li>Decken, Bettbez\u00fcge, Federbetten und Kissen<\/li>\n<li>Reinigung der Arbeitskleidung<\/li>\n<li>Waschen der Kleidung der Hotelg\u00e4ste<\/li>\n<\/ul>\n<h3>Wir bieten:<\/h3>\n<ul>\n<li>Transport im Preis der Dienstleistung inbegriffen<\/li>\n<li>Folierung der W\u00e4sche auf Anfrage<\/li>\n<li>W\u00e4schewagen<\/li>\n<\/ul>\n<p><strong>F\u00fcr Gro\u00dfhandelskunden werden die Preise individuell festgelegt!<\/strong><\/p>\n<\/div>\n<p>[\/vc_column_text][\/vc_column][vc_column width=&#8220;1\/2&#8243;][vc_row_inner][vc_column_inner width=&#8220;1\/4&#8243;][vc_single_image image=&#8220;2229&#8243; img_size=&#8220;full&#8220;][\/vc_column_inner][vc_column_inner width=&#8220;3\/4&#8243; css=&#8220;.vc_custom_1672754554553{margin-left: -40px !important;}&#8220;][vc_column_text css=&#8220;.vc_custom_1678697872488{margin-left: -40px !important;}&#8220;]<\/p>\n<h5><strong>Wir reinigen die meisten Arten von Stoffen<\/strong><\/h5>\n<p>Die W\u00e4scherei des Zentrums richtet sich an gro\u00dfe und kleine Unternehmen und ist auf Dienstleistungen f\u00fcr das Hotel- und Gastst\u00e4ttengewerbe spezialisiert. Wir haben die Erfahrung und die Maschinen, um die meisten Arten von Stoffen zu reinigen.[\/vc_column_text][\/vc_column_inner][\/vc_row_inner][vc_row_inner][vc_column_inner width=&#8220;1\/4&#8243;][vc_single_image image=&#8220;2230&#8243; img_size=&#8220;full&#8220;][\/vc_column_inner][vc_column_inner width=&#8220;3\/4&#8243; css=&#8220;.vc_custom_1672754554553{margin-left: -40px !important;}&#8220;][vc_column_text css=&#8220;.vc_custom_1679576892249{margin-left: -40px !important;}&#8220;]<\/p>\n<h5><strong>Wir bieten unseren eigenen Transport von W\u00e4sche in den Preis der Dienstleistung<\/strong><\/h5>\n<p>Wir f\u00fchren Transporte im K\u00fcstenstreifen, von Heringsdorf bis Pogorzelica durch. Der Preis f\u00fcr den Transport ist im Preis der W\u00e4sche enthalten.[\/vc_column_text][\/vc_column_inner][\/vc_row_inner][vc_row_inner][vc_column_inner width=&#8220;1\/4&#8243;][vc_single_image image=&#8220;2834&#8243; img_size=&#8220;full&#8220;][\/vc_column_inner][vc_column_inner width=&#8220;3\/4&#8243; css=&#8220;.vc_custom_1672754554553{margin-left: -40px !important;}&#8220;][vc_column_text css=&#8220;.vc_custom_1679054317715{margin-left: -40px !important;}&#8220;]<\/p>\n<h5><strong>W\u00e4scheservice 7 Tage in der Woche<\/strong><\/h5>\n<p>Die W\u00e4scherei ist t\u00e4glich ge\u00f6ffnet, auch an allen Feiertagen au\u00dfer Weihnachten und Neujahr. Die Zustellung erfolgt 7 Tage in der Woche.[\/vc_column_text][\/vc_column_inner][\/vc_row_inner][vc_row_inner][vc_column_inner width=&#8220;1\/4&#8243;][vc_single_image image=&#8220;2233&#8243; img_size=&#8220;full&#8220;][\/vc_column_inner][vc_column_inner width=&#8220;3\/4&#8243; css=&#8220;.vc_custom_1672754554553{margin-left: -40px !important;}&#8220;][vc_column_text css=&#8220;.vc_custom_1679576980137{margin-left: -40px !important;}&#8220;]<\/p>\n<h5><strong>Wir machen keine W\u00e4sche f\u00fcr Krankenh\u00e4user<\/strong><\/h5>\n<p>Um epidemiologische Risiken auszuschlie\u00dfen, arbeitet das W\u00e4schezentrum nicht mit medizinischen Einrichtungen wie Krankenh\u00e4usern und Ambulanzen zusammen.[\/vc_column_text][\/vc_column_inner][\/vc_row_inner][vc_row_inner][vc_column_inner width=&#8220;1\/4&#8243;][vc_single_image image=&#8220;2235&#8243; img_size=&#8220;full&#8220;][\/vc_column_inner][vc_column_inner width=&#8220;3\/4&#8243; css=&#8220;.vc_custom_1672754554553{margin-left: -40px !important;}&#8220;][vc_column_text css=&#8220;.vc_custom_1739883186571{margin-left: -40px !important;}&#8220;]<\/p>\n<h5><strong>\u00dcberlegene Technologie<\/strong><\/h5>\n<p>Die W\u00e4scherei Zentrum verwendet Spitzenger\u00e4te und Chemikalien von Kreussler. Das senkt die Kosten und sorgt f\u00fcr eine hohe Reinigungsqualit\u00e4t.[\/vc_column_text][\/vc_column_inner][\/vc_row_inner][\/vc_column][\/vc_row][vc_row css=&#8220;.vc_custom_1674568050588{margin-top: 10px !important;}&#8220;][vc_column][vc_text_separator title=&#8220;Betriebsbereich&#8220; title_align=&#8220;separator_align_left&#8220; align=&#8220;align_left&#8220; color=&#8220;sky&#8220;][vc_single_image image=&#8220;4130&#8243; img_size=&#8220;full&#8220;][\/vc_column][\/vc_row][vc_row css=&#8220;.vc_custom_1674567979129{background-color: #1e73be !important;}&#8220;][vc_column width=&#8220;1\/3&#8243; css=&#8220;.vc_custom_1674567933527{margin-top: 30px !important;}&#8220;][vc_column_text css_animation=&#8220;bounceIn&#8220;]<\/p>\n<h3 style=\"text-align: center;\"><span style=\"color: #ffffff;\">Kontakt \u2192<\/span><\/h3>\n<p>[\/vc_column_text][\/vc_column][vc_column width=&#8220;1\/3&#8243;][vc_column_text]<span style=\"color: #ffffff;\"><strong>Swinem\u00fcnde-Filiale:<\/strong><\/span><br \/>\n<span style=\"color: #ffffff;\">+48 91 321 68 91<br \/>\n<a style=\"color: #ffffff;\" href=\"mailto:swinoujscie@pralniacentrum.pl\">swinoujscie@pralniacentrum.pl<\/a><\/span>[\/vc_column_text][\/vc_column][vc_column width=&#8220;1\/3&#8243;][vc_column_text]<\/p>\n<div class=\"link-white\">\n<p><span style=\"color: #ffffff;\"><strong>Stettin-Filiale:<\/strong><\/span><br \/>\n<span style=\"color: #ffffff;\">+48 91 359 51 18<\/span><br \/>\n<span style=\"color: #ffffff;\"><a style=\"color: #ffffff;\" href=\"mailto:pralnia@pazim.pl\">pralnia@pazim.pl<\/a><\/span><\/p>\n<\/div>\n<p>[\/vc_column_text][\/vc_column][\/vc_row]<\/p>\n<\/div>","protected":false},"excerpt":{"rendered":"<p>[vc_row content_placement=&#8220;top&#8220; css=&#8220;.vc_custom_1672753238722{margin-top: 50px !important;}&#8220;][vc_column width=&#8220;1\/2&#8243;][vc_column_text]Die Centre Laundry bietet einen W\u00e4scheservice f\u00fcr Hotels, Pensionen und Ferienh\u00e4user. Wir bieten unter anderem Waschen mit Wasser, chemische Reinigung, Trocknen und Mangeln, B\u00fcgeln und Desinfektion in einer speziellen Kammer. Unser Service ist umfassend und von h\u00f6chster Qualit\u00e4t. &nbsp; Der W\u00e4scheservice f\u00fcr Hotels und Pensionen umfasst: bettw\u00e4sche Handt\u00fccher Catering-W\u00e4sche, Tischw\u00e4sche [&hellip;]<\/p>\n","protected":false},"author":1,"featured_media":0,"parent":4064,"menu_order":0,"comment_status":"closed","ping_status":"closed","template":"","meta":{"om_disable_all_campaigns":false,"_monsterinsights_skip_tracking":false,"_monsterinsights_sitenote_active":false,"_monsterinsights_sitenote_note":"","_monsterinsights_sitenote_category":0,"footnotes":""},"class_list":["post-4084","page","type-page","status-publish","hentry"],"aioseo_notices":[],"yoast_head":"<!-- This site is optimized with the Yoast SEO plugin v27.3 - https:\/\/yoast.com\/product\/yoast-seo-wordpress\/ -->\n<title>W\u00e4scherei f\u00fcr Hotels und Pensionen | Pralnia Centrum % Swinoujscie<\/title>\n<meta name=\"description\" content=\"Wir sind spezialisiert auf W\u00e4schereidienstleistungen f\u00fcr Hotels, Pensionen und Ferienh\u00e4user, mit Transport von Himmersdorf nach Pogorzelica.\" \/>\n<meta name=\"robots\" content=\"index, follow, max-snippet:-1, max-image-preview:large, max-video-preview:-1\" \/>\n<link rel=\"canonical\" href=\"https:\/\/pralniacentrum.pl\/de\/swinemunde\/wascherei-fur-hotels-und-pensionen\/\" \/>\n<meta property=\"og:locale\" content=\"de_DE\" \/>\n<meta property=\"og:type\" content=\"article\" \/>\n<meta property=\"og:title\" content=\"W\u00e4scherei f\u00fcr Hotels und Pensionen | Pralnia Centrum % Swinoujscie\" \/>\n<meta property=\"og:description\" content=\"Wir sind spezialisiert auf W\u00e4schereidienstleistungen f\u00fcr Hotels, Pensionen und Ferienh\u00e4user, mit Transport von Himmersdorf nach Pogorzelica.\" \/>\n<meta property=\"og:url\" content=\"https:\/\/pralniacentrum.pl\/de\/swinemunde\/wascherei-fur-hotels-und-pensionen\/\" \/>\n<meta property=\"og:site_name\" content=\"Pralnia Centrum\" \/>\n<meta property=\"article:modified_time\" content=\"2025-02-18T12:53:08+00:00\" \/>\n<meta name=\"twitter:card\" content=\"summary_large_image\" \/>\n<meta name=\"twitter:label1\" content=\"Gesch\u00e4tzte Lesezeit\" \/>\n\t<meta name=\"twitter:data1\" content=\"4\u00a0Minuten\" \/>\n<script type=\"application\/ld+json\" class=\"yoast-schema-graph\">{\"@context\":\"https:\\\/\\\/schema.org\",\"@graph\":[{\"@type\":\"WebPage\",\"@id\":\"https:\\\/\\\/pralniacentrum.pl\\\/de\\\/swinemunde\\\/wascherei-fur-hotels-und-pensionen\\\/\",\"url\":\"https:\\\/\\\/pralniacentrum.pl\\\/de\\\/swinemunde\\\/wascherei-fur-hotels-und-pensionen\\\/\",\"name\":\"W\u00e4scherei f\u00fcr Hotels und Pensionen | Pralnia Centrum % Swinoujscie\",\"isPartOf\":{\"@id\":\"https:\\\/\\\/pralniacentrum.pl\\\/de\\\/#website\"},\"datePublished\":\"2023-01-02T13:53:45+00:00\",\"dateModified\":\"2025-02-18T12:53:08+00:00\",\"description\":\"Wir sind spezialisiert auf W\u00e4schereidienstleistungen f\u00fcr Hotels, Pensionen und Ferienh\u00e4user, mit Transport von Himmersdorf nach Pogorzelica.\",\"breadcrumb\":{\"@id\":\"https:\\\/\\\/pralniacentrum.pl\\\/de\\\/swinemunde\\\/wascherei-fur-hotels-und-pensionen\\\/#breadcrumb\"},\"inLanguage\":\"de\",\"potentialAction\":[{\"@type\":\"ReadAction\",\"target\":[\"https:\\\/\\\/pralniacentrum.pl\\\/de\\\/swinemunde\\\/wascherei-fur-hotels-und-pensionen\\\/\"]}]},{\"@type\":\"BreadcrumbList\",\"@id\":\"https:\\\/\\\/pralniacentrum.pl\\\/de\\\/swinemunde\\\/wascherei-fur-hotels-und-pensionen\\\/#breadcrumb\",\"itemListElement\":[{\"@type\":\"ListItem\",\"position\":1,\"name\":\"Strona g\u0142\u00f3wna\",\"item\":\"https:\\\/\\\/pralniacentrum.pl\\\/de\\\/\"},{\"@type\":\"ListItem\",\"position\":2,\"name\":\"\u00dcber uns\",\"item\":\"https:\\\/\\\/pralniacentrum.pl\\\/de\\\/swinemunde\\\/uber-uns\\\/\"},{\"@type\":\"ListItem\",\"position\":3,\"name\":\"W\u00e4scherei f\u00fcr Hotels und Pensionen\"}]},{\"@type\":\"WebSite\",\"@id\":\"https:\\\/\\\/pralniacentrum.pl\\\/de\\\/#website\",\"url\":\"https:\\\/\\\/pralniacentrum.pl\\\/de\\\/\",\"name\":\"Pralnia Centrum\",\"description\":\"pranie wodne i chemiczne | Szczecin - \u015awinouj\u015bcie\",\"potentialAction\":[{\"@type\":\"SearchAction\",\"target\":{\"@type\":\"EntryPoint\",\"urlTemplate\":\"https:\\\/\\\/pralniacentrum.pl\\\/de\\\/?s={search_term_string}\"},\"query-input\":{\"@type\":\"PropertyValueSpecification\",\"valueRequired\":true,\"valueName\":\"search_term_string\"}}],\"inLanguage\":\"de\"}]}<\/script>\n<!-- \/ Yoast SEO plugin. -->","yoast_head_json":{"title":"W\u00e4scherei f\u00fcr Hotels und Pensionen | Pralnia Centrum % Swinoujscie","description":"Wir sind spezialisiert auf W\u00e4schereidienstleistungen f\u00fcr Hotels, Pensionen und Ferienh\u00e4user, mit Transport von Himmersdorf nach Pogorzelica.","robots":{"index":"index","follow":"follow","max-snippet":"max-snippet:-1","max-image-preview":"max-image-preview:large","max-video-preview":"max-video-preview:-1"},"canonical":"https:\/\/pralniacentrum.pl\/de\/swinemunde\/wascherei-fur-hotels-und-pensionen\/","og_locale":"de_DE","og_type":"article","og_title":"W\u00e4scherei f\u00fcr Hotels und Pensionen | Pralnia Centrum % Swinoujscie","og_description":"Wir sind spezialisiert auf W\u00e4schereidienstleistungen f\u00fcr Hotels, Pensionen und Ferienh\u00e4user, mit Transport von Himmersdorf nach Pogorzelica.","og_url":"https:\/\/pralniacentrum.pl\/de\/swinemunde\/wascherei-fur-hotels-und-pensionen\/","og_site_name":"Pralnia Centrum","article_modified_time":"2025-02-18T12:53:08+00:00","twitter_card":"summary_large_image","twitter_misc":{"Gesch\u00e4tzte Lesezeit":"4\u00a0Minuten"},"schema":{"@context":"https:\/\/schema.org","@graph":[{"@type":"WebPage","@id":"https:\/\/pralniacentrum.pl\/de\/swinemunde\/wascherei-fur-hotels-und-pensionen\/","url":"https:\/\/pralniacentrum.pl\/de\/swinemunde\/wascherei-fur-hotels-und-pensionen\/","name":"W\u00e4scherei f\u00fcr Hotels und Pensionen | Pralnia Centrum % Swinoujscie","isPartOf":{"@id":"https:\/\/pralniacentrum.pl\/de\/#website"},"datePublished":"2023-01-02T13:53:45+00:00","dateModified":"2025-02-18T12:53:08+00:00","description":"Wir sind spezialisiert auf W\u00e4schereidienstleistungen f\u00fcr Hotels, Pensionen und Ferienh\u00e4user, mit Transport von Himmersdorf nach Pogorzelica.","breadcrumb":{"@id":"https:\/\/pralniacentrum.pl\/de\/swinemunde\/wascherei-fur-hotels-und-pensionen\/#breadcrumb"},"inLanguage":"de","potentialAction":[{"@type":"ReadAction","target":["https:\/\/pralniacentrum.pl\/de\/swinemunde\/wascherei-fur-hotels-und-pensionen\/"]}]},{"@type":"BreadcrumbList","@id":"https:\/\/pralniacentrum.pl\/de\/swinemunde\/wascherei-fur-hotels-und-pensionen\/#breadcrumb","itemListElement":[{"@type":"ListItem","position":1,"name":"Strona g\u0142\u00f3wna","item":"https:\/\/pralniacentrum.pl\/de\/"},{"@type":"ListItem","position":2,"name":"\u00dcber uns","item":"https:\/\/pralniacentrum.pl\/de\/swinemunde\/uber-uns\/"},{"@type":"ListItem","position":3,"name":"W\u00e4scherei f\u00fcr Hotels und Pensionen"}]},{"@type":"WebSite","@id":"https:\/\/pralniacentrum.pl\/de\/#website","url":"https:\/\/pralniacentrum.pl\/de\/","name":"Pralnia Centrum","description":"pranie wodne i chemiczne | Szczecin - \u015awinouj\u015bcie","potentialAction":[{"@type":"SearchAction","target":{"@type":"EntryPoint","urlTemplate":"https:\/\/pralniacentrum.pl\/de\/?s={search_term_string}"},"query-input":{"@type":"PropertyValueSpecification","valueRequired":true,"valueName":"search_term_string"}}],"inLanguage":"de"}]}},"_links":{"self":[{"href":"https:\/\/pralniacentrum.pl\/de\/wp-json\/wp\/v2\/pages\/4084","targetHints":{"allow":["GET"]}}],"collection":[{"href":"https:\/\/pralniacentrum.pl\/de\/wp-json\/wp\/v2\/pages"}],"about":[{"href":"https:\/\/pralniacentrum.pl\/de\/wp-json\/wp\/v2\/types\/page"}],"author":[{"embeddable":true,"href":"https:\/\/pralniacentrum.pl\/de\/wp-json\/wp\/v2\/users\/1"}],"replies":[{"embeddable":true,"href":"https:\/\/pralniacentrum.pl\/de\/wp-json\/wp\/v2\/comments?post=4084"}],"version-history":[{"count":11,"href":"https:\/\/pralniacentrum.pl\/de\/wp-json\/wp\/v2\/pages\/4084\/revisions"}],"predecessor-version":[{"id":4488,"href":"https:\/\/pralniacentrum.pl\/de\/wp-json\/wp\/v2\/pages\/4084\/revisions\/4488"}],"up":[{"embeddable":true,"href":"https:\/\/pralniacentrum.pl\/de\/wp-json\/wp\/v2\/pages\/4064"}],"wp:attachment":[{"href":"https:\/\/pralniacentrum.pl\/de\/wp-json\/wp\/v2\/media?parent=4084"}],"curies":[{"name":"wp","href":"https:\/\/api.w.org\/{rel}","templated":true}]}}