{"id":4163,"date":"2023-01-23T15:27:01","date_gmt":"2023-01-23T14:27:01","guid":{"rendered":"https:\/\/pralniacentrum.pl\/swinemunde\/swinemunde-filiale\/"},"modified":"2024-04-17T11:13:30","modified_gmt":"2024-04-17T09:13:30","slug":"swinemunde-filiale","status":"publish","type":"page","link":"https:\/\/pralniacentrum.pl\/de\/swinemunde\/swinemunde-filiale\/","title":{"rendered":"Swinem\u00fcnde-Filiale"},"content":{"rendered":"<div class=\"wpb-content-wrapper\"><p>[vc_row][vc_column width=&#8220;1\/2&#8243;][vc_text_separator title=&#8220;W\u00e4scherei in \u015awinouj\u015bcie&#8220; title_align=&#8220;separator_align_left&#8220; align=&#8220;align_left&#8220; color=&#8220;sky&#8220;][vc_column_text]Die W\u00e4scherei in \u015awinouj\u015bcie wurde im Jahr 2002 gegr\u00fcndet. Vier Jahre sp\u00e4ter wurde es von der Firma Pazim \u00fcbernommen und umger\u00fcstet. Im Jahr 2020 wurde ein hochmoderner W\u00e4schetunnel angeschafft, so dass wir bis zu 170 Tonnen Bettw\u00e4sche pro Monat waschen k\u00f6nnen. Die W\u00e4scherei bedient haupts\u00e4chlich F\u00e4hren und Hotels im K\u00fcstenstreifen. Auch in \u015awinouj\u015bcie gehen wir keine Zusammenarbeit mit medizinischen Zentren ein.[\/vc_column_text][vc_text_separator title=&#8220;W\u00e4schereidienstleistungen&#8220; title_align=&#8220;separator_align_left&#8220; align=&#8220;align_left&#8220; color=&#8220;sky&#8220;][vc_column_text]<\/p>\n<ul>\n<li><a href=\"\/swinoujscie\/pranie-dla-hoteli-i-pensjonatow\/\">Hotels und Pensionen<\/a><\/li>\n<li><a href=\"\/swinoujscie\/pranie-odziezy-roboczej\/\">Berufsbekleidung<\/a><\/li>\n<\/ul>\n<p>[\/vc_column_text][vc_column_text][\/vc_column_text][vc_row_inner css=&#8220;.vc_custom_1674487259393{background-color: #1e73be !important;}&#8220;][vc_column_inner width=&#8220;1\/2&#8243;][vc_column_text css_animation=&#8220;bounceIn&#8220; css=&#8220;.vc_custom_1674487373283{margin-top: 20px !important;}&#8220;]<\/p>\n<h3 style=\"text-align: center;\"><span style=\"color: #ffffff;\">AUFRUFEN \u2192<\/span><\/h3>\n<p>[\/vc_column_text][\/vc_column_inner][vc_column_inner width=&#8220;1\/2&#8243;][vc_column_text]<span style=\"color: #ffffff;\"><strong>Zweigstelle Swinem\u00fcnde:<\/strong><\/span><br \/>\n<span style=\"color: #ffffff;\">+48 <\/span><span style=\"color: #ffffff;\">91 321 68 91<br \/>\n<a style=\"color: #ffffff;\" href=\"mailto:swinoujscie@pralniacentrum.pl\">swinoujscie@pralniacentrum.pl<\/a><\/span>[\/vc_column_text][\/vc_column_inner][\/vc_row_inner][\/vc_column][vc_column width=&#8220;1\/2&#8243;][vc_raw_html]JTNDaWZyYW1lJTIwc3JjJTNEJTIyaHR0cHMlM0ElMkYlMkZ3d3cuZ29vZ2xlLmNvbSUyRm1hcHMlMkZlbWJlZCUzRnBiJTNEJTIxMW0xNCUyMTFtOCUyMTFtMyUyMTFkNTU5MS4yMzM3ODYxMjgzMzclMjEyZDE0LjI2MjM0NzgyMjA0MDQxNSUyMTNkNTMuODk5MzI4MTIwODQ1MyUyMTNtMiUyMTFpMTAyNCUyMTJpNzY4JTIxNGYxMy4xJTIxM20zJTIxMW0yJTIxMXMweDAlMjUzQTB4M2QzZmM5MjRmYzQ1MTI3YiUyMTJzUHJhbG5pYSUyNTIwQ2VudHJ1bSUyNTIwJTI1QzUlMjU5QXdpbm91aiUyNUM1JTI1OUJjaWUlMjE1ZTAlMjEzbTIlMjExc3BsJTIxMnNwbCUyMTR2MTY3NDQ4NDI4MTE5MCUyMTVtMiUyMTFzcGwlMjEyc3BsJTIyJTIwd2lkdGglM0QlMjI2MDAlMjIlMjBoZWlnaHQlM0QlMjI0NTAlMjIlMjBzdHlsZSUzRCUyMmJvcmRlciUzQTAlM0IlMjIlMjBhbGxvd2Z1bGxzY3JlZW4lM0QlMjIlMjIlMjBsb2FkaW5nJTNEJTIybGF6eSUyMiUyMHJlZmVycmVycG9saWN5JTNEJTIybm8tcmVmZXJyZXItd2hlbi1kb3duZ3JhZGUlMjIlM0UlM0MlMkZpZnJhbWUlM0U=[\/vc_raw_html][\/vc_column][\/vc_row]<\/p>\n<\/div>","protected":false},"excerpt":{"rendered":"<p>[vc_row][vc_column width=&#8220;1\/2&#8243;][vc_text_separator title=&#8220;W\u00e4scherei in \u015awinouj\u015bcie&#8220; title_align=&#8220;separator_align_left&#8220; align=&#8220;align_left&#8220; color=&#8220;sky&#8220;][vc_column_text]Die W\u00e4scherei in \u015awinouj\u015bcie wurde im Jahr 2002 gegr\u00fcndet. Vier Jahre sp\u00e4ter wurde es von der Firma Pazim \u00fcbernommen und umger\u00fcstet. Im Jahr 2020 wurde ein hochmoderner W\u00e4schetunnel angeschafft, so dass wir bis zu 170 Tonnen Bettw\u00e4sche pro Monat waschen k\u00f6nnen. Die W\u00e4scherei bedient haupts\u00e4chlich F\u00e4hren und Hotels [&hellip;]<\/p>\n","protected":false},"author":1,"featured_media":0,"parent":4064,"menu_order":0,"comment_status":"closed","ping_status":"closed","template":"","meta":{"om_disable_all_campaigns":false,"_monsterinsights_skip_tracking":false,"_monsterinsights_sitenote_active":false,"_monsterinsights_sitenote_note":"","_monsterinsights_sitenote_category":0,"footnotes":""},"class_list":["post-4163","page","type-page","status-publish","hentry"],"aioseo_notices":[],"yoast_head":"<!-- This site is optimized with the Yoast SEO plugin v27.3 - https:\/\/yoast.com\/product\/yoast-seo-wordpress\/ -->\n<title>Swinem\u00fcnde-Filiale | Pralnia Centrum<\/title>\n<meta name=\"description\" content=\"W\u00e4scheservice f\u00fcr Hotels, Gastronomie und Berufsbekleidung! Wir bieten Transport im K\u00fcstenstreifen von Himmersdorf bis Pogorzelica.\" \/>\n<meta name=\"robots\" content=\"index, follow, max-snippet:-1, max-image-preview:large, max-video-preview:-1\" \/>\n<link rel=\"canonical\" href=\"https:\/\/pralniacentrum.pl\/de\/swinemunde\/swinemunde-filiale\/\" \/>\n<meta property=\"og:locale\" content=\"de_DE\" \/>\n<meta property=\"og:type\" content=\"article\" \/>\n<meta property=\"og:title\" content=\"Swinem\u00fcnde-Filiale | Pralnia Centrum\" \/>\n<meta property=\"og:description\" content=\"W\u00e4scheservice f\u00fcr Hotels, Gastronomie und Berufsbekleidung! Wir bieten Transport im K\u00fcstenstreifen von Himmersdorf bis Pogorzelica.\" \/>\n<meta property=\"og:url\" content=\"https:\/\/pralniacentrum.pl\/de\/swinemunde\/swinemunde-filiale\/\" \/>\n<meta property=\"og:site_name\" content=\"Pralnia Centrum\" \/>\n<meta property=\"article:modified_time\" content=\"2024-04-17T09:13:30+00:00\" \/>\n<meta name=\"twitter:card\" content=\"summary_large_image\" \/>\n<meta name=\"twitter:label1\" content=\"Gesch\u00e4tzte Lesezeit\" \/>\n\t<meta name=\"twitter:data1\" content=\"1\u00a0Minute\" \/>\n<script type=\"application\/ld+json\" class=\"yoast-schema-graph\">{\"@context\":\"https:\\\/\\\/schema.org\",\"@graph\":[{\"@type\":\"WebPage\",\"@id\":\"https:\\\/\\\/pralniacentrum.pl\\\/de\\\/swinemunde\\\/swinemunde-filiale\\\/\",\"url\":\"https:\\\/\\\/pralniacentrum.pl\\\/de\\\/swinemunde\\\/swinemunde-filiale\\\/\",\"name\":\"Swinem\u00fcnde-Filiale | Pralnia Centrum\",\"isPartOf\":{\"@id\":\"https:\\\/\\\/pralniacentrum.pl\\\/de\\\/#website\"},\"datePublished\":\"2023-01-23T14:27:01+00:00\",\"dateModified\":\"2024-04-17T09:13:30+00:00\",\"description\":\"W\u00e4scheservice f\u00fcr Hotels, Gastronomie und Berufsbekleidung! Wir bieten Transport im K\u00fcstenstreifen von Himmersdorf bis Pogorzelica.\",\"breadcrumb\":{\"@id\":\"https:\\\/\\\/pralniacentrum.pl\\\/de\\\/swinemunde\\\/swinemunde-filiale\\\/#breadcrumb\"},\"inLanguage\":\"de\",\"potentialAction\":[{\"@type\":\"ReadAction\",\"target\":[\"https:\\\/\\\/pralniacentrum.pl\\\/de\\\/swinemunde\\\/swinemunde-filiale\\\/\"]}]},{\"@type\":\"BreadcrumbList\",\"@id\":\"https:\\\/\\\/pralniacentrum.pl\\\/de\\\/swinemunde\\\/swinemunde-filiale\\\/#breadcrumb\",\"itemListElement\":[{\"@type\":\"ListItem\",\"position\":1,\"name\":\"Strona g\u0142\u00f3wna\",\"item\":\"https:\\\/\\\/pralniacentrum.pl\\\/de\\\/\"},{\"@type\":\"ListItem\",\"position\":2,\"name\":\"\u00dcber uns\",\"item\":\"https:\\\/\\\/pralniacentrum.pl\\\/de\\\/swinemunde\\\/uber-uns\\\/\"},{\"@type\":\"ListItem\",\"position\":3,\"name\":\"Swinem\u00fcnde-Filiale\"}]},{\"@type\":\"WebSite\",\"@id\":\"https:\\\/\\\/pralniacentrum.pl\\\/de\\\/#website\",\"url\":\"https:\\\/\\\/pralniacentrum.pl\\\/de\\\/\",\"name\":\"Pralnia Centrum\",\"description\":\"pranie wodne i chemiczne | Szczecin - \u015awinouj\u015bcie\",\"potentialAction\":[{\"@type\":\"SearchAction\",\"target\":{\"@type\":\"EntryPoint\",\"urlTemplate\":\"https:\\\/\\\/pralniacentrum.pl\\\/de\\\/?s={search_term_string}\"},\"query-input\":{\"@type\":\"PropertyValueSpecification\",\"valueRequired\":true,\"valueName\":\"search_term_string\"}}],\"inLanguage\":\"de\"}]}<\/script>\n<!-- \/ Yoast SEO plugin. -->","yoast_head_json":{"title":"Swinem\u00fcnde-Filiale | Pralnia Centrum","description":"W\u00e4scheservice f\u00fcr Hotels, Gastronomie und Berufsbekleidung! Wir bieten Transport im K\u00fcstenstreifen von Himmersdorf bis Pogorzelica.","robots":{"index":"index","follow":"follow","max-snippet":"max-snippet:-1","max-image-preview":"max-image-preview:large","max-video-preview":"max-video-preview:-1"},"canonical":"https:\/\/pralniacentrum.pl\/de\/swinemunde\/swinemunde-filiale\/","og_locale":"de_DE","og_type":"article","og_title":"Swinem\u00fcnde-Filiale | Pralnia Centrum","og_description":"W\u00e4scheservice f\u00fcr Hotels, Gastronomie und Berufsbekleidung! Wir bieten Transport im K\u00fcstenstreifen von Himmersdorf bis Pogorzelica.","og_url":"https:\/\/pralniacentrum.pl\/de\/swinemunde\/swinemunde-filiale\/","og_site_name":"Pralnia Centrum","article_modified_time":"2024-04-17T09:13:30+00:00","twitter_card":"summary_large_image","twitter_misc":{"Gesch\u00e4tzte Lesezeit":"1\u00a0Minute"},"schema":{"@context":"https:\/\/schema.org","@graph":[{"@type":"WebPage","@id":"https:\/\/pralniacentrum.pl\/de\/swinemunde\/swinemunde-filiale\/","url":"https:\/\/pralniacentrum.pl\/de\/swinemunde\/swinemunde-filiale\/","name":"Swinem\u00fcnde-Filiale | Pralnia Centrum","isPartOf":{"@id":"https:\/\/pralniacentrum.pl\/de\/#website"},"datePublished":"2023-01-23T14:27:01+00:00","dateModified":"2024-04-17T09:13:30+00:00","description":"W\u00e4scheservice f\u00fcr Hotels, Gastronomie und Berufsbekleidung! Wir bieten Transport im K\u00fcstenstreifen von Himmersdorf bis Pogorzelica.","breadcrumb":{"@id":"https:\/\/pralniacentrum.pl\/de\/swinemunde\/swinemunde-filiale\/#breadcrumb"},"inLanguage":"de","potentialAction":[{"@type":"ReadAction","target":["https:\/\/pralniacentrum.pl\/de\/swinemunde\/swinemunde-filiale\/"]}]},{"@type":"BreadcrumbList","@id":"https:\/\/pralniacentrum.pl\/de\/swinemunde\/swinemunde-filiale\/#breadcrumb","itemListElement":[{"@type":"ListItem","position":1,"name":"Strona g\u0142\u00f3wna","item":"https:\/\/pralniacentrum.pl\/de\/"},{"@type":"ListItem","position":2,"name":"\u00dcber uns","item":"https:\/\/pralniacentrum.pl\/de\/swinemunde\/uber-uns\/"},{"@type":"ListItem","position":3,"name":"Swinem\u00fcnde-Filiale"}]},{"@type":"WebSite","@id":"https:\/\/pralniacentrum.pl\/de\/#website","url":"https:\/\/pralniacentrum.pl\/de\/","name":"Pralnia Centrum","description":"pranie wodne i chemiczne | Szczecin - \u015awinouj\u015bcie","potentialAction":[{"@type":"SearchAction","target":{"@type":"EntryPoint","urlTemplate":"https:\/\/pralniacentrum.pl\/de\/?s={search_term_string}"},"query-input":{"@type":"PropertyValueSpecification","valueRequired":true,"valueName":"search_term_string"}}],"inLanguage":"de"}]}},"_links":{"self":[{"href":"https:\/\/pralniacentrum.pl\/de\/wp-json\/wp\/v2\/pages\/4163","targetHints":{"allow":["GET"]}}],"collection":[{"href":"https:\/\/pralniacentrum.pl\/de\/wp-json\/wp\/v2\/pages"}],"about":[{"href":"https:\/\/pralniacentrum.pl\/de\/wp-json\/wp\/v2\/types\/page"}],"author":[{"embeddable":true,"href":"https:\/\/pralniacentrum.pl\/de\/wp-json\/wp\/v2\/users\/1"}],"replies":[{"embeddable":true,"href":"https:\/\/pralniacentrum.pl\/de\/wp-json\/wp\/v2\/comments?post=4163"}],"version-history":[{"count":2,"href":"https:\/\/pralniacentrum.pl\/de\/wp-json\/wp\/v2\/pages\/4163\/revisions"}],"predecessor-version":[{"id":4408,"href":"https:\/\/pralniacentrum.pl\/de\/wp-json\/wp\/v2\/pages\/4163\/revisions\/4408"}],"up":[{"embeddable":true,"href":"https:\/\/pralniacentrum.pl\/de\/wp-json\/wp\/v2\/pages\/4064"}],"wp:attachment":[{"href":"https:\/\/pralniacentrum.pl\/de\/wp-json\/wp\/v2\/media?parent=4163"}],"curies":[{"name":"wp","href":"https:\/\/api.w.org\/{rel}","templated":true}]}}